{"id":863,"date":"2025-05-17T23:19:30","date_gmt":"2025-05-17T21:19:30","guid":{"rendered":"https:\/\/stcc-ev.de\/?page_id=863"},"modified":"2025-05-17T23:19:31","modified_gmt":"2025-05-17T21:19:31","slug":"impressum","status":"publish","type":"page","link":"https:\/\/stcc-ev.de\/de\/impressum\/","title":{"rendered":"Impressum"},"content":{"rendered":"\n<p><strong>Angaben gem\u00e4\u00df \u00a7 5 TMG<\/strong><\/p>\n\n\n\n<p><strong>Sachsen-Anhalt China-Centrum e.V.<\/strong><br>Brandenburger Stra\u00dfe 9<br>39104 Magdeburg<br>Deutschland<\/p>\n\n\n\n<p>Vertreten durch den Vorstand.<\/p>\n\n\n\n<hr class=\"wp-block-separator has-alpha-channel-opacity\"\/>\n\n\n\n<h3 class=\"wp-block-heading\">\ud83d\udcde&nbsp;<strong>Kontakt<\/strong><\/h3>\n\n\n\n<p>E-Mail:&nbsp;<a>info@stcc-ev.de<\/a><br>Website:&nbsp;<a class=\"\" href=\"https:\/\/www.stcc-ev.de\/\">www.stcc-ev.de<\/a><\/p>\n\n\n\n<hr class=\"wp-block-separator has-alpha-channel-opacity\"\/>\n\n\n\n<h3 class=\"wp-block-heading\">\ud83d\udccb&nbsp;<strong>Vereinsregister<\/strong><\/h3>\n\n\n\n<p>Eingetragen im Vereinsregister beim Amtsgericht Stendal<br>Registernummer:&nbsp;<strong>VR 4300<\/strong><\/p>\n\n\n\n<hr class=\"wp-block-separator has-alpha-channel-opacity\"\/>\n\n\n\n<h3 class=\"wp-block-heading\">\ud83d\udee1&nbsp;<strong>Haftungsausschluss<\/strong><\/h3>\n\n\n\n<p><strong>Haftung f\u00fcr Inhalte<\/strong><br>Als Diensteanbieter sind wir gem\u00e4\u00df \u00a7 7 Abs. 1 TMG f\u00fcr eigene Inhalte auf diesen Seiten nach den allgemeinen Gesetzen verantwortlich. Nach \u00a7\u00a7 8 bis 10 TMG sind wir als Diensteanbieter jedoch nicht verpflichtet, \u00fcbermittelte oder gespeicherte fremde Informationen zu \u00fcberwachen oder nach Umst\u00e4nden zu forschen, die auf eine rechtswidrige T\u00e4tigkeit hinweisen.<\/p>\n\n\n\n<p>Verpflichtungen zur Entfernung oder Sperrung der Nutzung von Informationen nach den allgemeinen Gesetzen bleiben hiervon unber\u00fchrt. Eine diesbez\u00fcgliche Haftung ist jedoch erst ab dem Zeitpunkt der Kenntnis einer konkreten Rechtsverletzung m\u00f6glich. Bei Bekanntwerden entsprechender Rechtsverletzungen werden wir diese Inhalte umgehend entfernen.<\/p>\n\n\n\n<p><strong>Haftung f\u00fcr Links<\/strong><br>Unser Angebot enth\u00e4lt Links zu externen Websites Dritter, auf deren Inhalte wir keinen Einfluss haben. Deshalb k\u00f6nnen wir f\u00fcr diese fremden Inhalte auch keine Gew\u00e4hr \u00fcbernehmen. F\u00fcr die Inhalte der verlinkten Seiten ist stets der jeweilige Anbieter oder Betreiber der Seiten verantwortlich.<\/p>\n\n\n\n<hr class=\"wp-block-separator has-alpha-channel-opacity\"\/>\n\n\n\n<h3 class=\"wp-block-heading\">\ud83d\udcd1&nbsp;<strong>Urheberrecht<\/strong><\/h3>\n\n\n\n<p>Die durch die Seitenbetreiber erstellten Inhalte und Werke auf diesen Seiten unterliegen dem deutschen Urheberrecht. Die Vervielf\u00e4ltigung, Bearbeitung, Verbreitung und jede Art der Verwertung au\u00dferhalb der Grenzen des Urheberrechts bed\u00fcrfen der schriftlichen Zustimmung des jeweiligen Autors bzw. Erstellers.<\/p>\n\n\n\n<p>Downloads und Kopien dieser Seite sind nur f\u00fcr den privaten, nicht kommerziellen Gebrauch gestattet.<\/p>\n\n\n\n<hr class=\"wp-block-separator has-alpha-channel-opacity\"\/>\n\n\n\n<h3 class=\"wp-block-heading\">\ud83d\udce2&nbsp;<strong>Hinweis zur Online-Streitbeilegung<\/strong><\/h3>\n\n\n\n<p>Die Europ\u00e4ische Kommission stellt eine Plattform zur Online-Streitbeilegung (OS) bereit:<br><a class=\"\" href=\"https:\/\/ec.europa.eu\/consumers\/odr\">https:\/\/ec.europa.eu\/consumers\/odr<\/a><\/p>\n\n\n\n<p>Unsere E-Mail-Adresse finden Sie oben im Impressum.<\/p>\n","protected":false},"excerpt":{"rendered":"<p>Angaben gem\u00e4\u00df \u00a7 5 TMG Sachsen-Anhalt China-Centrum e.V.Brandenburger Stra\u00dfe 939104 MagdeburgDeutschland Vertreten durch den Vorstand. \ud83d\udcde&nbsp;Kontakt E-Mail:&nbsp;info@stcc-ev.deWebsite:&nbsp;www.stcc-ev.de \ud83d\udccb&nbsp;Vereinsregister Eingetragen im Vereinsregister beim Amtsgericht StendalRegisternummer:&nbsp;VR 4300 \ud83d\udee1&nbsp;Haftungsausschluss Haftung f\u00fcr InhalteAls Diensteanbieter sind wir gem\u00e4\u00df \u00a7 7 Abs. 1 TMG f\u00fcr eigene Inhalte auf diesen Seiten nach den allgemeinen Gesetzen verantwortlich. Nach [&hellip;]<\/p>\n","protected":false},"author":1,"featured_media":0,"parent":0,"menu_order":0,"comment_status":"closed","ping_status":"closed","template":"","meta":{"_themeisle_gutenberg_block_has_review":false,"footnotes":""},"class_list":["post-863","page","type-page","status-publish","hentry"],"_links":{"self":[{"href":"https:\/\/stcc-ev.de\/de\/wp-json\/wp\/v2\/pages\/863","targetHints":{"allow":["GET"]}}],"collection":[{"href":"https:\/\/stcc-ev.de\/de\/wp-json\/wp\/v2\/pages"}],"about":[{"href":"https:\/\/stcc-ev.de\/de\/wp-json\/wp\/v2\/types\/page"}],"author":[{"embeddable":true,"href":"https:\/\/stcc-ev.de\/de\/wp-json\/wp\/v2\/users\/1"}],"replies":[{"embeddable":true,"href":"https:\/\/stcc-ev.de\/de\/wp-json\/wp\/v2\/comments?post=863"}],"version-history":[{"count":1,"href":"https:\/\/stcc-ev.de\/de\/wp-json\/wp\/v2\/pages\/863\/revisions"}],"predecessor-version":[{"id":864,"href":"https:\/\/stcc-ev.de\/de\/wp-json\/wp\/v2\/pages\/863\/revisions\/864"}],"wp:attachment":[{"href":"https:\/\/stcc-ev.de\/de\/wp-json\/wp\/v2\/media?parent=863"}],"curies":[{"name":"wp","href":"https:\/\/api.w.org\/{rel}","templated":true}]}}