{"id":3,"date":"2020-02-19T12:26:49","date_gmt":"2020-02-19T11:26:49","guid":{"rendered":"https:\/\/stcc-ev.de\/?page_id=3"},"modified":"2025-05-17T23:31:18","modified_gmt":"2025-05-17T21:31:18","slug":"datenschutzerklaerung","status":"publish","type":"page","link":"https:\/\/stcc-ev.de\/de\/datenschutzerklaerung\/","title":{"rendered":"Datenschutzerkl\u00e4rung"},"content":{"rendered":"\t\t<div data-elementor-type=\"wp-page\" data-elementor-id=\"3\" class=\"elementor elementor-3\">\n\t\t\t\t<div class=\"elementor-element elementor-element-37cb7ea e-flex e-con-boxed e-con e-parent\" data-id=\"37cb7ea\" data-element_type=\"container\">\n\t\t\t\t\t<div class=\"e-con-inner\">\n\t\t\t\t<div class=\"elementor-element elementor-element-9aa6e27 elementor-widget elementor-widget-text-editor\" data-id=\"9aa6e27\" data-element_type=\"widget\" data-widget_type=\"text-editor.default\">\n\t\t\t\t<div class=\"elementor-widget-container\">\n\t\t\t\t\t\t\t\t\t<p data-start=\"146\" data-end=\"175\" class=\"\" style=\"-webkit-tap-highlight-color: rgba(26, 26, 26, 0.3); -webkit-text-size-adjust: auto; caret-color: #000000; color: #000000;\"><strong data-start=\"146\" data-end=\"175\">(Datenschutz gem\u00e4\u00df DSGVO)<\/strong><\/p>\n<h3 data-start=\"177\" data-end=\"207\" class=\"\" style=\"-webkit-tap-highlight-color: rgba(26, 26, 26, 0.3); -webkit-text-size-adjust: auto; caret-color: #000000; color: #000000;\">1.\u00a0<strong data-start=\"184\" data-end=\"207\">Allgemeine Hinweise<\/strong><\/h3>\n<p data-start=\"209\" data-end=\"425\" class=\"\" style=\"-webkit-tap-highlight-color: rgba(26, 26, 26, 0.3); -webkit-text-size-adjust: auto; caret-color: #000000; color: #000000;\">Der Schutz Ihrer pers\u00f6nlichen Daten ist uns ein besonderes Anliegen. Wir behandeln Ihre personenbezogenen Daten vertraulich und entsprechend den gesetzlichen Datenschutzvorschriften sowie dieser Datenschutzerkl\u00e4rung.<\/p>\n<p data-start=\"427\" data-end=\"688\" class=\"\" style=\"-webkit-tap-highlight-color: rgba(26, 26, 26, 0.3); -webkit-text-size-adjust: auto; caret-color: #000000; color: #000000;\">Die Nutzung unserer Website ist in der Regel ohne Angabe personenbezogener Daten m\u00f6glich. Soweit auf unseren Seiten personenbezogene Daten (z.\u202fB. Name, Anschrift oder E-Mail-Adressen) erhoben werden, erfolgt dies \u2013 soweit m\u00f6glich \u2013 stets auf freiwilliger Basis.<\/p>\n<hr data-start=\"690\" data-end=\"693\" class=\"\" style=\"-webkit-tap-highlight-color: rgba(26, 26, 26, 0.3); -webkit-text-size-adjust: auto;\" \/>\n<h3 data-start=\"695\" data-end=\"728\" class=\"\" style=\"-webkit-tap-highlight-color: rgba(26, 26, 26, 0.3); -webkit-text-size-adjust: auto; caret-color: #000000; color: #000000;\">2.\u00a0<strong data-start=\"702\" data-end=\"728\">Verantwortliche Stelle<\/strong><\/h3>\n<p data-start=\"730\" data-end=\"794\" class=\"\" style=\"-webkit-tap-highlight-color: rgba(26, 26, 26, 0.3); -webkit-text-size-adjust: auto; caret-color: #000000; color: #000000;\">Verantwortlich f\u00fcr die Datenverarbeitung auf dieser Website ist:<\/p>\n<p data-start=\"796\" data-end=\"892\" class=\"\" style=\"-webkit-tap-highlight-color: rgba(26, 26, 26, 0.3); -webkit-text-size-adjust: auto; caret-color: #000000; color: #000000;\"><strong data-start=\"796\" data-end=\"833\">Sachsen-Anhalt China-Centrum e.V.<\/strong><br data-start=\"833\" data-end=\"836\" \/>Brandenburger Stra\u00dfe 9<br data-start=\"858\" data-end=\"861\" \/>39104 Magdeburg<br data-start=\"876\" data-end=\"879\" \/>Deutschland<\/p>\n<p data-start=\"894\" data-end=\"995\" class=\"\" style=\"-webkit-tap-highlight-color: rgba(26, 26, 26, 0.3); -webkit-text-size-adjust: auto; caret-color: #000000; color: #000000;\">E-Mail:\u00a0<a data-start=\"902\" data-end=\"943\" class=\"cursor-pointer\" rel=\"noopener\">info@stcc-ev.de<\/a><br data-start=\"943\" data-end=\"946\" \/>Website:\u00a0<a data-start=\"955\" data-end=\"995\" rel=\"noopener\" target=\"_new\" class=\"\" href=\"https:\/\/www.stcc-ev.de\/\">www.stcc-ev.de<\/a><\/p>\n<hr data-start=\"997\" data-end=\"1000\" class=\"\" style=\"-webkit-tap-highlight-color: rgba(26, 26, 26, 0.3); -webkit-text-size-adjust: auto;\" \/>\n<h3 data-start=\"1002\" data-end=\"1062\" class=\"\" style=\"-webkit-tap-highlight-color: rgba(26, 26, 26, 0.3); -webkit-text-size-adjust: auto; caret-color: #000000; color: #000000;\">3.\u00a0<strong data-start=\"1009\" data-end=\"1062\">Erhebung und Verarbeitung personenbezogener Daten<\/strong><\/h3>\n<p data-start=\"1064\" data-end=\"1369\" class=\"\" style=\"-webkit-tap-highlight-color: rgba(26, 26, 26, 0.3); -webkit-text-size-adjust: auto; caret-color: #000000; color: #000000;\">Wir erheben personenbezogene Daten nur dann, wenn Sie uns diese im Rahmen einer Anfrage oder Anmeldung mitteilen, z.\u202fB. \u00fcber E-Mail, Kontaktformular oder Newsletter-Anmeldung. Diese Daten werden ausschlie\u00dflich f\u00fcr die Bearbeitung Ihrer Anfrage oder zur Erbringung der gew\u00fcnschten Dienstleistung verwendet.<\/p>\n<hr data-start=\"1371\" data-end=\"1374\" class=\"\" style=\"-webkit-tap-highlight-color: rgba(26, 26, 26, 0.3); -webkit-text-size-adjust: auto;\" \/>\n<h3 data-start=\"1376\" data-end=\"1405\" class=\"\" style=\"-webkit-tap-highlight-color: rgba(26, 26, 26, 0.3); -webkit-text-size-adjust: auto; caret-color: #000000; color: #000000;\">4.\u00a0<strong data-start=\"1383\" data-end=\"1405\">Server-Log-Dateien<\/strong><\/h3>\n<p data-start=\"1407\" data-end=\"1571\" class=\"\" style=\"-webkit-tap-highlight-color: rgba(26, 26, 26, 0.3); -webkit-text-size-adjust: auto; caret-color: #000000; color: #000000;\">Der Provider der Seiten erhebt und speichert automatisch Informationen in sogenannten Server-Log-Dateien, die Ihr Browser automatisch an uns \u00fcbermittelt. Dies sind:<\/p>\n<ul data-start=\"1573\" data-end=\"1736\" style=\"-webkit-tap-highlight-color: rgba(26, 26, 26, 0.3); -webkit-text-size-adjust: auto; caret-color: #000000; color: #000000;\">\n<li data-start=\"1573\" data-end=\"1606\" class=\"\">\n<p data-start=\"1575\" data-end=\"1606\" class=\"\">Browsertyp und Browserversion<\/p>\n<\/li>\n<li data-start=\"1607\" data-end=\"1637\" class=\"\">\n<p data-start=\"1609\" data-end=\"1637\" class=\"\">Verwendetes Betriebssystem<\/p>\n<\/li>\n<li data-start=\"1638\" data-end=\"1654\" class=\"\">\n<p data-start=\"1640\" data-end=\"1654\" class=\"\">Referrer URL<\/p>\n<\/li>\n<li data-start=\"1655\" data-end=\"1693\" class=\"\">\n<p data-start=\"1657\" data-end=\"1693\" class=\"\">Hostname des zugreifenden Rechners<\/p>\n<\/li>\n<li data-start=\"1694\" data-end=\"1723\" class=\"\">\n<p data-start=\"1696\" data-end=\"1723\" class=\"\">Uhrzeit der Serveranfrage<\/p>\n<\/li>\n<li data-start=\"1724\" data-end=\"1736\" class=\"\">\n<p data-start=\"1726\" data-end=\"1736\" class=\"\">IP-Adresse<\/p>\n<\/li>\n<\/ul>\n<p data-start=\"1738\" data-end=\"1875\" class=\"\" style=\"-webkit-tap-highlight-color: rgba(26, 26, 26, 0.3); -webkit-text-size-adjust: auto; caret-color: #000000; color: #000000;\">Diese Daten sind nicht bestimmten Personen zuordenbar. Eine Zusammenf\u00fchrung dieser Daten mit anderen Datenquellen wird nicht vorgenommen.<\/p>\n<hr data-start=\"1877\" data-end=\"1880\" class=\"\" style=\"-webkit-tap-highlight-color: rgba(26, 26, 26, 0.3); -webkit-text-size-adjust: auto;\" \/>\n<h3 data-start=\"1882\" data-end=\"1900\" class=\"\" style=\"-webkit-tap-highlight-color: rgba(26, 26, 26, 0.3); -webkit-text-size-adjust: auto; caret-color: #000000; color: #000000;\">5.\u00a0<strong data-start=\"1889\" data-end=\"1900\">Cookies<\/strong><\/h3>\n<p data-start=\"1902\" data-end=\"2121\" class=\"\" style=\"-webkit-tap-highlight-color: rgba(26, 26, 26, 0.3); -webkit-text-size-adjust: auto; caret-color: #000000; color: #000000;\">Unsere Website verwendet teilweise sogenannte Cookies. Cookies richten auf Ihrem Rechner keinen Schaden an und enthalten keine Viren. Sie dienen dazu, unser Angebot nutzerfreundlicher, effektiver und sicherer zu machen.<\/p>\n<p data-start=\"2123\" data-end=\"2336\" class=\"\" style=\"-webkit-tap-highlight-color: rgba(26, 26, 26, 0.3); -webkit-text-size-adjust: auto; caret-color: #000000; color: #000000;\">Die meisten der von uns verwendeten Cookies sind sogenannte \u201eSession-Cookies\u201c. Sie werden nach Ende Ihres Besuchs automatisch gel\u00f6scht. Andere Cookies bleiben auf Ihrem Endger\u00e4t gespeichert, bis Sie diese l\u00f6schen.<\/p>\n<p data-start=\"2338\" data-end=\"2493\" class=\"\" style=\"-webkit-tap-highlight-color: rgba(26, 26, 26, 0.3); -webkit-text-size-adjust: auto; caret-color: #000000; color: #000000;\"><strong data-start=\"2338\" data-end=\"2350\">Hinweis:<\/strong>\u00a0Beim ersten Besuch unserer Website erscheint ein Cookie-Hinweis (sofern ein entsprechendes Plugin wie\u00a0<em data-start=\"2453\" data-end=\"2464\">Complianz<\/em>\u00a0oder\u00a0<em data-start=\"2470\" data-end=\"2481\">CookieYes<\/em>\u00a0aktiv ist).<\/p>\n<hr data-start=\"2495\" data-end=\"2498\" class=\"\" style=\"-webkit-tap-highlight-color: rgba(26, 26, 26, 0.3); -webkit-text-size-adjust: auto;\" \/>\n<h3 data-start=\"2500\" data-end=\"2545\" class=\"\" style=\"-webkit-tap-highlight-color: rgba(26, 26, 26, 0.3); -webkit-text-size-adjust: auto; caret-color: #000000; color: #000000;\">6.\u00a0<strong data-start=\"2507\" data-end=\"2545\">Kontaktformular und E-Mail-Kontakt<\/strong><\/h3>\n<p data-start=\"2547\" data-end=\"2802\" class=\"\" style=\"-webkit-tap-highlight-color: rgba(26, 26, 26, 0.3); -webkit-text-size-adjust: auto; caret-color: #000000; color: #000000;\">Wenn Sie uns per Kontaktformular oder E-Mail Anfragen zukommen lassen, werden Ihre Angaben inklusive der von Ihnen dort angegebenen Kontaktdaten zwecks Bearbeitung der Anfrage bei uns gespeichert. Diese Daten geben wir nicht ohne Ihre Einwilligung weiter.<\/p>\n<hr data-start=\"2804\" data-end=\"2807\" class=\"\" style=\"-webkit-tap-highlight-color: rgba(26, 26, 26, 0.3); -webkit-text-size-adjust: auto;\" \/>\n<h3 data-start=\"2809\" data-end=\"2851\" class=\"\" style=\"-webkit-tap-highlight-color: rgba(26, 26, 26, 0.3); -webkit-text-size-adjust: auto; caret-color: #000000; color: #000000;\">7.\u00a0<strong data-start=\"2816\" data-end=\"2851\">Rechte der betroffenen Personen<\/strong><\/h3>\n<p data-start=\"2853\" data-end=\"2887\" class=\"\" style=\"-webkit-tap-highlight-color: rgba(26, 26, 26, 0.3); -webkit-text-size-adjust: auto; caret-color: #000000; color: #000000;\">Sie haben jederzeit das Recht auf:<\/p>\n<ul data-start=\"2889\" data-end=\"3139\" style=\"-webkit-tap-highlight-color: rgba(26, 26, 26, 0.3); -webkit-text-size-adjust: auto; caret-color: #000000; color: #000000;\">\n<li data-start=\"2889\" data-end=\"2939\" class=\"\">\n<p data-start=\"2891\" data-end=\"2939\" class=\"\">Auskunft \u00fcber Ihre bei uns gespeicherten Daten<\/p>\n<\/li>\n<li data-start=\"2940\" data-end=\"2974\" class=\"\">\n<p data-start=\"2942\" data-end=\"2974\" class=\"\">Berichtigung unrichtiger Daten<\/p>\n<\/li>\n<li data-start=\"2975\" data-end=\"3028\" class=\"\">\n<p data-start=\"2977\" data-end=\"3028\" class=\"\">L\u00f6schung Ihrer Daten (sofern gesetzlich zul\u00e4ssig)<\/p>\n<\/li>\n<li data-start=\"3029\" data-end=\"3063\" class=\"\">\n<p data-start=\"3031\" data-end=\"3063\" class=\"\">Einschr\u00e4nkung der Verarbeitung<\/p>\n<\/li>\n<li data-start=\"3064\" data-end=\"3088\" class=\"\">\n<p data-start=\"3066\" data-end=\"3088\" class=\"\">Daten\u00fcbertragbarkeit<\/p>\n<\/li>\n<li data-start=\"3089\" data-end=\"3139\" class=\"\">\n<p data-start=\"3091\" data-end=\"3139\" class=\"\">Widerspruch gegen die Verarbeitung Ihrer Daten<\/p>\n<\/li>\n<\/ul>\n<p data-start=\"3141\" data-end=\"3217\" class=\"\" style=\"-webkit-tap-highlight-color: rgba(26, 26, 26, 0.3); -webkit-text-size-adjust: auto; caret-color: #000000; color: #000000;\">Bitte richten Sie Ihre Anfrage an:\u00a0<a data-start=\"3176\" data-end=\"3217\" class=\"cursor-pointer\" rel=\"noopener\">info@stcc-ev.de<\/a><\/p>\n<hr data-start=\"3219\" data-end=\"3222\" class=\"\" style=\"-webkit-tap-highlight-color: rgba(26, 26, 26, 0.3); -webkit-text-size-adjust: auto;\" \/>\n<h3 data-start=\"3224\" data-end=\"3275\" class=\"\" style=\"-webkit-tap-highlight-color: rgba(26, 26, 26, 0.3); -webkit-text-size-adjust: auto; caret-color: #000000; color: #000000;\">8.\u00a0<strong data-start=\"3231\" data-end=\"3275\">Beschwerderecht bei der Aufsichtsbeh\u00f6rde<\/strong><\/h3>\n<p data-start=\"3277\" data-end=\"3427\" class=\"\" style=\"-webkit-tap-highlight-color: rgba(26, 26, 26, 0.3); -webkit-text-size-adjust: auto; caret-color: #000000; color: #000000;\">Im Falle datenschutzrechtlicher Verst\u00f6\u00dfe steht Ihnen ein Beschwerderecht bei der zust\u00e4ndigen Aufsichtsbeh\u00f6rde zu. Die zust\u00e4ndige Aufsichtsbeh\u00f6rde ist:<\/p>\n<p data-start=\"3429\" data-end=\"3610\" class=\"\" style=\"-webkit-tap-highlight-color: rgba(26, 26, 26, 0.3); -webkit-text-size-adjust: auto; caret-color: #000000; color: #000000;\"><strong data-start=\"3429\" data-end=\"3486\">Landesbeauftragter f\u00fcr den Datenschutz Sachsen-Anhalt<\/strong><br data-start=\"3486\" data-end=\"3489\" \/>Leiterstra\u00dfe 9, 39104 Magdeburg<br data-start=\"3520\" data-end=\"3523\" \/>Website:\u00a0<a data-start=\"3532\" data-end=\"3610\" rel=\"noopener\" target=\"_new\" class=\"cursor-pointer\">https:\/\/datenschutz.sachsen-anhalt.de<\/a><\/p>\n<hr data-start=\"3612\" data-end=\"3615\" class=\"\" style=\"-webkit-tap-highlight-color: rgba(26, 26, 26, 0.3); -webkit-text-size-adjust: auto;\" \/>\n<h3 data-start=\"3617\" data-end=\"3657\" class=\"\" style=\"-webkit-tap-highlight-color: rgba(26, 26, 26, 0.3); -webkit-text-size-adjust: auto; caret-color: #000000; color: #000000;\">9.\u00a0<strong data-start=\"3624\" data-end=\"3657\">SSL- bzw. TLS-Verschl\u00fcsselung<\/strong><\/h3>\n<p data-start=\"3659\" data-end=\"3912\" class=\"\" style=\"-webkit-tap-highlight-color: rgba(26, 26, 26, 0.3); -webkit-text-size-adjust: auto; caret-color: #000000; color: #000000;\">Diese Seite nutzt aus Sicherheitsgr\u00fcnden und zum Schutz der \u00dcbertragung vertraulicher Inhalte eine SSL- bzw. TLS-Verschl\u00fcsselung. Sie erkennen eine verschl\u00fcsselte Verbindung daran, dass die Adresszeile des Browsers von &#8222;http:\/\/&#8220; auf &#8222;https:\/\/&#8220; wechselt.<\/p>\n<hr data-start=\"3914\" data-end=\"3917\" class=\"\" style=\"-webkit-tap-highlight-color: rgba(26, 26, 26, 0.3); -webkit-text-size-adjust: auto;\" \/>\n<h3 data-start=\"3919\" data-end=\"3967\" class=\"\" style=\"-webkit-tap-highlight-color: rgba(26, 26, 26, 0.3); -webkit-text-size-adjust: auto; caret-color: #000000; color: #000000;\">10.\u00a0<strong data-start=\"3927\" data-end=\"3967\">\u00c4nderung dieser Datenschutzerkl\u00e4rung<\/strong><\/h3>\n<p data-start=\"3969\" data-end=\"4204\" class=\"\" style=\"-webkit-tap-highlight-color: rgba(26, 26, 26, 0.3); -webkit-text-size-adjust: auto; caret-color: #000000; color: #000000;\">Wir behalten uns vor, diese Datenschutzerkl\u00e4rung bei Bedarf anzupassen, um sie an aktuelle rechtliche Anforderungen oder \u00c4nderungen unserer Dienstleistungen anzupassen. F\u00fcr Ihren erneuten Besuch gilt dann die neue Datenschutzerkl\u00e4rung.<\/p>\t\t\t\t\t\t\t\t<\/div>\n\t\t\t\t<\/div>\n\t\t\t\t\t<\/div>\n\t\t\t\t<\/div>\n\t\t\t\t<\/div>\n\t\t","protected":false},"excerpt":{"rendered":"<p>(Datenschutz gem\u00e4\u00df DSGVO) 1.\u00a0Allgemeine Hinweise Der Schutz Ihrer pers\u00f6nlichen Daten ist uns ein besonderes Anliegen. Wir behandeln Ihre personenbezogenen Daten vertraulich und entsprechend den gesetzlichen Datenschutzvorschriften sowie dieser Datenschutzerkl\u00e4rung. Die Nutzung unserer Website ist in der Regel ohne Angabe personenbezogener Daten m\u00f6glich. Soweit auf unseren Seiten personenbezogene Daten (z.\u202fB. Name, [&hellip;]<\/p>\n","protected":false},"author":1,"featured_media":0,"parent":0,"menu_order":0,"comment_status":"closed","ping_status":"open","template":"","meta":{"_themeisle_gutenberg_block_has_review":false,"footnotes":""},"class_list":["post-3","page","type-page","status-publish","hentry"],"_links":{"self":[{"href":"https:\/\/stcc-ev.de\/de\/wp-json\/wp\/v2\/pages\/3","targetHints":{"allow":["GET"]}}],"collection":[{"href":"https:\/\/stcc-ev.de\/de\/wp-json\/wp\/v2\/pages"}],"about":[{"href":"https:\/\/stcc-ev.de\/de\/wp-json\/wp\/v2\/types\/page"}],"author":[{"embeddable":true,"href":"https:\/\/stcc-ev.de\/de\/wp-json\/wp\/v2\/users\/1"}],"replies":[{"embeddable":true,"href":"https:\/\/stcc-ev.de\/de\/wp-json\/wp\/v2\/comments?post=3"}],"version-history":[{"count":4,"href":"https:\/\/stcc-ev.de\/de\/wp-json\/wp\/v2\/pages\/3\/revisions"}],"predecessor-version":[{"id":867,"href":"https:\/\/stcc-ev.de\/de\/wp-json\/wp\/v2\/pages\/3\/revisions\/867"}],"wp:attachment":[{"href":"https:\/\/stcc-ev.de\/de\/wp-json\/wp\/v2\/media?parent=3"}],"curies":[{"name":"wp","href":"https:\/\/api.w.org\/{rel}","templated":true}]}}