{"id":20,"date":"2020-04-02T19:46:34","date_gmt":"2020-04-02T17:46:34","guid":{"rendered":"https:\/\/stcc-ev.de\/?page_id=20"},"modified":"2025-05-21T10:48:15","modified_gmt":"2025-05-21T08:48:15","slug":"kontakt","status":"publish","type":"page","link":"https:\/\/stcc-ev.de\/de\/kontakt\/","title":{"rendered":"Kontakt"},"content":{"rendered":"\n<p><\/p>\n\n\n\n<blockquote class=\"alignwide wp-block-ugb-blockquote ugb-blockquote ugb-22e261b ugb-blockquote--v3 ugb-blockquote--design-plain ugb-blockquote--small-quote ugb-main-block ugb--has-custom-content-width-tablet ugb--has-custom-content-width-mobile\"><style>.ugb-22e261b .ugb-blockquote__quote{fill:#000000 !important;opacity:1;width:35px !important;height:35px !important;top:40px !important}.ugb-22e261b .ugb-blockquote__text{font-family:\"Lato\",Sans-serif !important;color:var(--stk-global-color-88711,#313131)}.ugb-22e261b .ugb-inner-block{text-align:center}.ugb-22e261b.ugb-blockquote{min-height:300px}@media screen and (max-width:1025px){.ugb-22e261b.ugb-blockquote > .ugb-inner-block{max-width:80% !important}}@media screen and (max-width:768px){.ugb-22e261b.ugb-blockquote > .ugb-inner-block{max-width:90% !important}}@media screen and (-ms-high-contrast:active),screen and (-ms-high-contrast:none){.ugb-22e261b.ugb-blockquote{height:300px}}<\/style><div class=\"ugb-inner-block\"><div class=\"ugb-block-content\"><div class=\"ugb-blockquote__item\"><svg viewbox=\"0 0 50 50\" xmlns=\"http:\/\/www.w3.org\/2000\/svg\" class=\"ugb-blockquote__quote\" width=\"35\" height=\"35\"><path d=\"M22.3 30.5c0 6-4.8 10.8-10.8 10.8-2.3 0-4.5-.8-6.3-2-.9-.6-1.8-1.4-2.5-2.4-1.8-2.4-2.7-5.4-2.7-9 0-4.5 1.3-8.5 4-11.9 2.7-3.4 6.4-5.8 11.1-7.3v2.8c-2.7 2.2-4.4 5-4.9 8.3.4-.1.9-.1 1.3-.1 6-.1 10.8 4.8 10.8 10.8zm16.9-10.9c-.5 0-.9 0-1.3.1.5-3.3 2.2-6.1 4.9-8.3V8.7c-4.7 1.4-8.4 3.9-11.1 7.3-2.7 3.4-4 7.4-4 11.9 0 3.6.9 6.6 2.7 9 .8 1 1.6 1.8 2.5 2.4 1.8 1.3 3.9 2 6.3 2 6 0 10.8-4.8 10.8-10.8 0-6-4.8-10.9-10.8-10.9z\"><\/path><\/svg><div class=\"ugb-blockquote__content\"><p class=\"ugb-blockquote__text\">Die STCC steht Ihnen gerne f\u00fcr Ihre Fragen hinsichtlich Ihrer Investitions- und Handelsaktivit\u00e4ten zwischen Deutschland und China zur Verf\u00fcgung. Wir stehen Ihnen auch f\u00fcr ein pers\u00f6nliches Gespr\u00e4ch gerne zur Verf\u00fcgung.<\/p><\/div><\/div><\/div><\/div><\/blockquote>\n\n\n\n<p><strong>Sachsen-Anhalt China-Centrum e.V.<\/strong><br>Brandenburger Str. 9<br>39104 Magdeburg<br><br>Tel.: +49 391 99006961<br>E-Mail:&nbsp; <a href=\"mailto:info@stcc-ev.de\">info@stcc-ev.de<\/a> <\/p>\n\n\n","protected":false},"excerpt":{"rendered":"<p>Sachsen-Anhalt China-Centrum e.V.Brandenburger Str. 939104 Magdeburg Tel.: +49 391 99006961E-Mail:&nbsp; info@stcc-ev.de<\/p>\n","protected":false},"author":1,"featured_media":0,"parent":0,"menu_order":0,"comment_status":"closed","ping_status":"closed","template":"","meta":{"_themeisle_gutenberg_block_has_review":false,"footnotes":""},"class_list":["post-20","page","type-page","status-publish","hentry"],"_links":{"self":[{"href":"https:\/\/stcc-ev.de\/de\/wp-json\/wp\/v2\/pages\/20","targetHints":{"allow":["GET"]}}],"collection":[{"href":"https:\/\/stcc-ev.de\/de\/wp-json\/wp\/v2\/pages"}],"about":[{"href":"https:\/\/stcc-ev.de\/de\/wp-json\/wp\/v2\/types\/page"}],"author":[{"embeddable":true,"href":"https:\/\/stcc-ev.de\/de\/wp-json\/wp\/v2\/users\/1"}],"replies":[{"embeddable":true,"href":"https:\/\/stcc-ev.de\/de\/wp-json\/wp\/v2\/comments?post=20"}],"version-history":[{"count":8,"href":"https:\/\/stcc-ev.de\/de\/wp-json\/wp\/v2\/pages\/20\/revisions"}],"predecessor-version":[{"id":889,"href":"https:\/\/stcc-ev.de\/de\/wp-json\/wp\/v2\/pages\/20\/revisions\/889"}],"wp:attachment":[{"href":"https:\/\/stcc-ev.de\/de\/wp-json\/wp\/v2\/media?parent=20"}],"curies":[{"name":"wp","href":"https:\/\/api.w.org\/{rel}","templated":true}]}}