{"id":19,"date":"2020-04-02T19:46:34","date_gmt":"2020-04-02T17:46:34","guid":{"rendered":"https:\/\/stcc-ev.de\/?page_id=19"},"modified":"2025-05-21T10:32:33","modified_gmt":"2025-05-21T08:32:33","slug":"uber-uns","status":"publish","type":"page","link":"https:\/\/stcc-ev.de\/de\/uber-uns\/","title":{"rendered":"\u00dcber uns"},"content":{"rendered":"\t\t<div data-elementor-type=\"wp-page\" data-elementor-id=\"19\" class=\"elementor elementor-19\">\n\t\t\t\t\t\t<section class=\"elementor-section elementor-top-section elementor-element elementor-element-40de64da elementor-section-boxed elementor-section-height-default elementor-section-height-default\" data-id=\"40de64da\" data-element_type=\"section\">\n\t\t\t\t\t\t<div class=\"elementor-container elementor-column-gap-default\">\n\t\t\t\t\t<div class=\"elementor-column elementor-col-100 elementor-top-column elementor-element elementor-element-45d258eb\" data-id=\"45d258eb\" data-element_type=\"column\">\n\t\t\t<div class=\"elementor-widget-wrap elementor-element-populated\">\n\t\t\t\t\t\t<div class=\"elementor-element elementor-element-727a945 elementor-widget elementor-widget-image\" data-id=\"727a945\" data-element_type=\"widget\" data-widget_type=\"image.default\">\n\t\t\t\t<div class=\"elementor-widget-container\">\n\t\t\t\t\t\t\t\t\t\t\t\t\t\t\t<img fetchpriority=\"high\" decoding=\"async\" width=\"800\" height=\"667\" src=\"https:\/\/stcc-ev.de\/wp-content\/uploads\/2020\/04\/Deutschland-China_w800_h667.jpg\" class=\"attachment-2048x2048 size-2048x2048 wp-image-117\" alt=\"\" srcset=\"https:\/\/stcc-ev.de\/wp-content\/uploads\/2020\/04\/Deutschland-China_w800_h667.jpg 800w, https:\/\/stcc-ev.de\/wp-content\/uploads\/2020\/04\/Deutschland-China_w800_h667-300x250.jpg 300w, https:\/\/stcc-ev.de\/wp-content\/uploads\/2020\/04\/Deutschland-China_w800_h667-768x640.jpg 768w\" sizes=\"(max-width: 800px) 100vw, 800px\" \/>\t\t\t\t\t\t\t\t\t\t\t\t\t\t\t<\/div>\n\t\t\t\t<\/div>\n\t\t\t\t<div class=\"elementor-element elementor-element-6f429a67 elementor-widget elementor-widget-text-editor\" data-id=\"6f429a67\" data-element_type=\"widget\" data-widget_type=\"text-editor.default\">\n\t\t\t\t<div class=\"elementor-widget-container\">\n\t\t\t\t\t\t\t\t\t\n<p>Das Sachsen-Anhalt China-Centrum (STCC) e. V. f\u00f6rdert seit 2015 in gemeinn\u00fctziger und unabh\u00e4ngiger Weise die wirtschaftlichen und kulturellen Beziehungen zwischen China und Deutschland. <\/p>\n\n\n\n<p>Das STCC e. V. baut auf das ehrenamtliche Engagement seiner Mitglieder und Partner, insbesondere bei der Planung und Organisation von Kulturveranstaltungen und der Anbahnung und Realisierung von Unternehmenskontakten.<\/p>\n\n\n\n<p><\/p>\n\t\t\t\t\t\t\t\t<\/div>\n\t\t\t\t<\/div>\n\t\t\t\t\t<\/div>\n\t\t<\/div>\n\t\t\t\t\t<\/div>\n\t\t<\/section>\n\t\t\t\t<section class=\"elementor-section elementor-top-section elementor-element elementor-element-c284142 elementor-section-boxed elementor-section-height-default elementor-section-height-default\" data-id=\"c284142\" data-element_type=\"section\">\n\t\t\t\t\t\t<div class=\"elementor-container elementor-column-gap-default\">\n\t\t\t\t\t<div class=\"elementor-column elementor-col-100 elementor-top-column elementor-element elementor-element-d2b7854\" data-id=\"d2b7854\" data-element_type=\"column\">\n\t\t\t<div class=\"elementor-widget-wrap elementor-element-populated\">\n\t\t\t\t\t\t<div class=\"elementor-element elementor-element-a6af436 elementor-widget-divider--view-line elementor-widget elementor-widget-divider\" data-id=\"a6af436\" data-element_type=\"widget\" data-widget_type=\"divider.default\">\n\t\t\t\t<div class=\"elementor-widget-container\">\n\t\t\t\t\t\t\t<div class=\"elementor-divider\">\n\t\t\t<span class=\"elementor-divider-separator\">\n\t\t\t\t\t\t<\/span>\n\t\t<\/div>\n\t\t\t\t\t\t<\/div>\n\t\t\t\t<\/div>\n\t\t\t\t\t<\/div>\n\t\t<\/div>\n\t\t\t\t\t<\/div>\n\t\t<\/section>\n\t\t\t\t<section class=\"elementor-section elementor-top-section elementor-element elementor-element-ba7c3cf elementor-section-boxed elementor-section-height-default elementor-section-height-default\" data-id=\"ba7c3cf\" data-element_type=\"section\">\n\t\t\t\t\t\t<div class=\"elementor-container elementor-column-gap-default\">\n\t\t\t\t\t<div class=\"elementor-column elementor-col-100 elementor-top-column elementor-element elementor-element-6008531\" data-id=\"6008531\" data-element_type=\"column\">\n\t\t\t<div class=\"elementor-widget-wrap elementor-element-populated\">\n\t\t\t\t\t\t<div class=\"elementor-element elementor-element-307a34e elementor-widget elementor-widget-heading\" data-id=\"307a34e\" data-element_type=\"widget\" data-widget_type=\"heading.default\">\n\t\t\t\t<div class=\"elementor-widget-container\">\n\t\t\t\t\t<h2 class=\"elementor-heading-title elementor-size-default\">Kultur &amp; Sport<\/h2>\t\t\t\t<\/div>\n\t\t\t\t<\/div>\n\t\t\t\t<div class=\"elementor-element elementor-element-c858602 elementor-widget elementor-widget-image\" data-id=\"c858602\" data-element_type=\"widget\" data-widget_type=\"image.default\">\n\t\t\t\t<div class=\"elementor-widget-container\">\n\t\t\t\t\t\t\t\t\t\t\t\t\t\t\t<img decoding=\"async\" width=\"750\" height=\"500\" src=\"https:\/\/stcc-ev.de\/wp-content\/uploads\/2022\/03\/Kultur-1024x683.jpg\" class=\"attachment-large size-large wp-image-740\" alt=\"\" srcset=\"https:\/\/stcc-ev.de\/wp-content\/uploads\/2022\/03\/Kultur-1024x683.jpg 1024w, https:\/\/stcc-ev.de\/wp-content\/uploads\/2022\/03\/Kultur-300x200.jpg 300w, https:\/\/stcc-ev.de\/wp-content\/uploads\/2022\/03\/Kultur-768x512.jpg 768w, https:\/\/stcc-ev.de\/wp-content\/uploads\/2022\/03\/Kultur-18x12.jpg 18w, https:\/\/stcc-ev.de\/wp-content\/uploads\/2022\/03\/Kultur-360x240.jpg 360w, https:\/\/stcc-ev.de\/wp-content\/uploads\/2022\/03\/Kultur.jpg 1053w\" sizes=\"(max-width: 750px) 100vw, 750px\" \/>\t\t\t\t\t\t\t\t\t\t\t\t\t\t\t<\/div>\n\t\t\t\t<\/div>\n\t\t\t\t<div class=\"elementor-element elementor-element-51d6381 elementor-widget elementor-widget-text-editor\" data-id=\"51d6381\" data-element_type=\"widget\" data-widget_type=\"text-editor.default\">\n\t\t\t\t<div class=\"elementor-widget-container\">\n\t\t\t\t\t\t\t\t\t<p>Das Sachsen-Anhalt China-Center organisiert alle zwei Jahre ein chinesisches Kulturfestival, jedes Jahr eine chinesische Neujahrsgala und einen regelm\u00e4\u00dfigen kulturellen und k\u00fcnstlerischen Austausch mit Kunstakademien in China, um das Verst\u00e4ndnis und den Austausch der B\u00fcrgerinnen und B\u00fcrger Magdeburgs f\u00fcr die chinesische Kultur zu f\u00f6rdern.<\/p>\t\t\t\t\t\t\t\t<\/div>\n\t\t\t\t<\/div>\n\t\t\t\t\t<\/div>\n\t\t<\/div>\n\t\t\t\t\t<\/div>\n\t\t<\/section>\n\t\t\t\t<section class=\"elementor-section elementor-top-section elementor-element elementor-element-b66d81a elementor-section-boxed elementor-section-height-default elementor-section-height-default\" data-id=\"b66d81a\" data-element_type=\"section\">\n\t\t\t\t\t\t<div class=\"elementor-container elementor-column-gap-default\">\n\t\t\t\t\t<div class=\"elementor-column elementor-col-100 elementor-top-column elementor-element elementor-element-7ad8ad3\" data-id=\"7ad8ad3\" data-element_type=\"column\">\n\t\t\t<div class=\"elementor-widget-wrap elementor-element-populated\">\n\t\t\t\t\t\t<div class=\"elementor-element elementor-element-2d43b1c elementor-widget elementor-widget-image\" data-id=\"2d43b1c\" data-element_type=\"widget\" data-widget_type=\"image.default\">\n\t\t\t\t<div class=\"elementor-widget-container\">\n\t\t\t\t\t\t\t\t\t\t\t\t\t\t\t<img decoding=\"async\" width=\"750\" height=\"499\" src=\"https:\/\/stcc-ev.de\/wp-content\/uploads\/2022\/03\/preussen.jpg\" class=\"attachment-large size-large wp-image-741\" alt=\"\" srcset=\"https:\/\/stcc-ev.de\/wp-content\/uploads\/2022\/03\/preussen.jpg 958w, https:\/\/stcc-ev.de\/wp-content\/uploads\/2022\/03\/preussen-300x200.jpg 300w, https:\/\/stcc-ev.de\/wp-content\/uploads\/2022\/03\/preussen-768x511.jpg 768w, https:\/\/stcc-ev.de\/wp-content\/uploads\/2022\/03\/preussen-18x12.jpg 18w, https:\/\/stcc-ev.de\/wp-content\/uploads\/2022\/03\/preussen-360x240.jpg 360w\" sizes=\"(max-width: 750px) 100vw, 750px\" \/>\t\t\t\t\t\t\t\t\t\t\t\t\t\t\t<\/div>\n\t\t\t\t<\/div>\n\t\t\t\t<div class=\"elementor-element elementor-element-5fe0cea elementor-widget elementor-widget-text-editor\" data-id=\"5fe0cea\" data-element_type=\"widget\" data-widget_type=\"text-editor.default\">\n\t\t\t\t<div class=\"elementor-widget-container\">\n\t\t\t\t\t\t\t\t\t<p>Jeden Sommer veranstalten wir ein Jugendfu\u00dfballcamp in China. Erleben Sie die chinesische Kultur und nehmen Sie an Fu\u00dfballturnieren teil.<\/p>\t\t\t\t\t\t\t\t<\/div>\n\t\t\t\t<\/div>\n\t\t\t\t\t<\/div>\n\t\t<\/div>\n\t\t\t\t\t<\/div>\n\t\t<\/section>\n\t\t\t\t<\/div>\n\t\t","protected":false},"excerpt":{"rendered":"<p>Das Sachsen-Anhalt China-Centrum (STCC) e. V. f\u00f6rdert seit 2015 in gemeinn\u00fctziger und unabh\u00e4ngiger Weise die wirtschaftlichen und kulturellen Beziehungen zwischen China und Deutschland. Das STCC e. V. baut auf das ehrenamtliche Engagement seiner Mitglieder und Partner, insbesondere bei der Planung und Organisation von Kulturveranstaltungen und der Anbahnung und Realisierung von [&hellip;]<\/p>\n","protected":false},"author":1,"featured_media":0,"parent":0,"menu_order":0,"comment_status":"closed","ping_status":"closed","template":"","meta":{"_themeisle_gutenberg_block_has_review":false,"footnotes":""},"class_list":["post-19","page","type-page","status-publish","hentry"],"_links":{"self":[{"href":"https:\/\/stcc-ev.de\/de\/wp-json\/wp\/v2\/pages\/19","targetHints":{"allow":["GET"]}}],"collection":[{"href":"https:\/\/stcc-ev.de\/de\/wp-json\/wp\/v2\/pages"}],"about":[{"href":"https:\/\/stcc-ev.de\/de\/wp-json\/wp\/v2\/types\/page"}],"author":[{"embeddable":true,"href":"https:\/\/stcc-ev.de\/de\/wp-json\/wp\/v2\/users\/1"}],"replies":[{"embeddable":true,"href":"https:\/\/stcc-ev.de\/de\/wp-json\/wp\/v2\/comments?post=19"}],"version-history":[{"count":5,"href":"https:\/\/stcc-ev.de\/de\/wp-json\/wp\/v2\/pages\/19\/revisions"}],"predecessor-version":[{"id":744,"href":"https:\/\/stcc-ev.de\/de\/wp-json\/wp\/v2\/pages\/19\/revisions\/744"}],"wp:attachment":[{"href":"https:\/\/stcc-ev.de\/de\/wp-json\/wp\/v2\/media?parent=19"}],"curies":[{"name":"wp","href":"https:\/\/api.w.org\/{rel}","templated":true}]}}