{"id":135,"date":"2020-11-20T15:19:19","date_gmt":"2020-11-20T14:19:19","guid":{"rendered":"https:\/\/stcc-ev.de\/?page_id=135"},"modified":"2025-05-21T10:38:10","modified_gmt":"2025-05-21T08:38:10","slug":"kultur","status":"publish","type":"page","link":"https:\/\/stcc-ev.de\/de\/kultur\/","title":{"rendered":"Kultur"},"content":{"rendered":"\t\t<div data-elementor-type=\"wp-page\" data-elementor-id=\"135\" class=\"elementor elementor-135\">\n\t\t\t\t\t\t<section class=\"elementor-section elementor-top-section elementor-element elementor-element-780badf elementor-section-boxed elementor-section-height-default elementor-section-height-default\" data-id=\"780badf\" data-element_type=\"section\">\n\t\t\t\t\t\t<div class=\"elementor-container elementor-column-gap-default\">\n\t\t\t\t\t<div class=\"elementor-column elementor-col-100 elementor-top-column elementor-element elementor-element-2080a06\" data-id=\"2080a06\" data-element_type=\"column\">\n\t\t\t<div class=\"elementor-widget-wrap elementor-element-populated\">\n\t\t\t\t\t\t<div class=\"elementor-element elementor-element-011f332 elementor-widget elementor-widget-image\" data-id=\"011f332\" data-element_type=\"widget\" data-widget_type=\"image.default\">\n\t\t\t\t<div class=\"elementor-widget-container\">\n\t\t\t\t\t\t\t\t\t\t\t\t\t\t\t<img fetchpriority=\"high\" decoding=\"async\" width=\"693\" height=\"1024\" src=\"https:\/\/stcc-ev.de\/wp-content\/uploads\/2021\/09\/Bauhaus-20190707-693x1024.jpg\" class=\"attachment-large size-large wp-image-672\" alt=\"\" srcset=\"https:\/\/stcc-ev.de\/wp-content\/uploads\/2021\/09\/Bauhaus-20190707-693x1024.jpg 693w, https:\/\/stcc-ev.de\/wp-content\/uploads\/2021\/09\/Bauhaus-20190707-203x300.jpg 203w, https:\/\/stcc-ev.de\/wp-content\/uploads\/2021\/09\/Bauhaus-20190707-768x1135.jpg 768w, https:\/\/stcc-ev.de\/wp-content\/uploads\/2021\/09\/Bauhaus-20190707-1039x1536.jpg 1039w, https:\/\/stcc-ev.de\/wp-content\/uploads\/2021\/09\/Bauhaus-20190707-1386x2048.jpg 1386w, https:\/\/stcc-ev.de\/wp-content\/uploads\/2021\/09\/Bauhaus-20190707-8x12.jpg 8w, https:\/\/stcc-ev.de\/wp-content\/uploads\/2021\/09\/Bauhaus-20190707-scaled.jpg 1732w\" sizes=\"(max-width: 693px) 100vw, 693px\" \/>\t\t\t\t\t\t\t\t\t\t\t\t\t\t\t<\/div>\n\t\t\t\t<\/div>\n\t\t\t\t<div class=\"elementor-element elementor-element-83a4342 elementor-widget elementor-widget-text-editor\" data-id=\"83a4342\" data-element_type=\"widget\" data-widget_type=\"text-editor.default\">\n\t\t\t\t<div class=\"elementor-widget-container\">\n\t\t\t\t\t\t\t\t\t<h1>Chinesische Kulturfest in Magdeburg<\/h1>\n<p style=\"text-align: center;\">Buntes China in Magdeburg<\/p>\n<p><\/p>\n<p>Alle zwei Jahre veranstalten wir ein chinesisches Kulturfestival, um den B\u00fcrgern Magdeburgs die M\u00f6glichkeit zu geben, eine chinesische Kulturveranstaltung zu genie\u00dfen.<\/p>\t\t\t\t\t\t\t\t<\/div>\n\t\t\t\t<\/div>\n\t\t\t\t\t<\/div>\n\t\t<\/div>\n\t\t\t\t\t<\/div>\n\t\t<\/section>\n\t\t\t\t<section class=\"elementor-section elementor-top-section elementor-element elementor-element-e8bccfe elementor-section-boxed elementor-section-height-default elementor-section-height-default\" data-id=\"e8bccfe\" data-element_type=\"section\">\n\t\t\t\t\t\t<div class=\"elementor-container elementor-column-gap-default\">\n\t\t\t\t\t<div class=\"elementor-column elementor-col-100 elementor-top-column elementor-element elementor-element-c08be4e\" data-id=\"c08be4e\" data-element_type=\"column\">\n\t\t\t<div class=\"elementor-widget-wrap elementor-element-populated\">\n\t\t\t\t\t\t<div class=\"elementor-element elementor-element-75f03e9 elementor-widget elementor-widget-image\" data-id=\"75f03e9\" data-element_type=\"widget\" data-widget_type=\"image.default\">\n\t\t\t\t<div class=\"elementor-widget-container\">\n\t\t\t\t\t\t\t\t\t\t\t\t\t\t\t<img decoding=\"async\" width=\"750\" height=\"563\" src=\"https:\/\/stcc-ev.de\/wp-content\/uploads\/2021\/09\/5b3d292efc6c0371ed59e193e221a12-1024x768.jpg\" class=\"attachment-large size-large wp-image-673\" alt=\"\" srcset=\"https:\/\/stcc-ev.de\/wp-content\/uploads\/2021\/09\/5b3d292efc6c0371ed59e193e221a12-1024x768.jpg 1024w, https:\/\/stcc-ev.de\/wp-content\/uploads\/2021\/09\/5b3d292efc6c0371ed59e193e221a12-300x225.jpg 300w, https:\/\/stcc-ev.de\/wp-content\/uploads\/2021\/09\/5b3d292efc6c0371ed59e193e221a12-768x576.jpg 768w, https:\/\/stcc-ev.de\/wp-content\/uploads\/2021\/09\/5b3d292efc6c0371ed59e193e221a12-16x12.jpg 16w, https:\/\/stcc-ev.de\/wp-content\/uploads\/2021\/09\/5b3d292efc6c0371ed59e193e221a12.jpg 1280w\" sizes=\"(max-width: 750px) 100vw, 750px\" \/>\t\t\t\t\t\t\t\t\t\t\t\t\t\t\t<\/div>\n\t\t\t\t<\/div>\n\t\t\t\t<div class=\"elementor-element elementor-element-bfb9a42 elementor-widget elementor-widget-text-editor\" data-id=\"bfb9a42\" data-element_type=\"widget\" data-widget_type=\"text-editor.default\">\n\t\t\t\t<div class=\"elementor-widget-container\">\n\t\t\t\t\t\t\t\t\t<h4 class=\"ugb-card__title\" style=\"color: #3c4858; text-align: center;\">Fussballcamps in China mit MSC Preussen 1899<\/h4>\n<p>Jeden Sommer veranstalten wir ein einw\u00f6chiges Fu\u00dfballcamp in Zibo, China, f\u00fcr junge deutsche Fu\u00dfballer.<\/p>\t\t\t\t\t\t\t\t<\/div>\n\t\t\t\t<\/div>\n\t\t\t\t\t<\/div>\n\t\t<\/div>\n\t\t\t\t\t<\/div>\n\t\t<\/section>\n\t\t\t\t<\/div>\n\t\t","protected":false},"excerpt":{"rendered":"<p>Chinesische Kulturfest in Magdeburg Buntes China in Magdeburg Alle zwei Jahre veranstalten wir ein chinesisches Kulturfestival, um den B\u00fcrgern Magdeburgs die M\u00f6glichkeit zu geben, eine chinesische Kulturveranstaltung zu genie\u00dfen. Fussballcamps in China mit MSC Preussen 1899 Jeden Sommer veranstalten wir ein einw\u00f6chiges Fu\u00dfballcamp in Zibo, China, f\u00fcr junge deutsche Fu\u00dfballer.<\/p>\n","protected":false},"author":1,"featured_media":0,"parent":0,"menu_order":0,"comment_status":"closed","ping_status":"closed","template":"","meta":{"_themeisle_gutenberg_block_has_review":false,"footnotes":""},"class_list":["post-135","page","type-page","status-publish","hentry"],"_links":{"self":[{"href":"https:\/\/stcc-ev.de\/de\/wp-json\/wp\/v2\/pages\/135","targetHints":{"allow":["GET"]}}],"collection":[{"href":"https:\/\/stcc-ev.de\/de\/wp-json\/wp\/v2\/pages"}],"about":[{"href":"https:\/\/stcc-ev.de\/de\/wp-json\/wp\/v2\/types\/page"}],"author":[{"embeddable":true,"href":"https:\/\/stcc-ev.de\/de\/wp-json\/wp\/v2\/users\/1"}],"replies":[{"embeddable":true,"href":"https:\/\/stcc-ev.de\/de\/wp-json\/wp\/v2\/comments?post=135"}],"version-history":[{"count":5,"href":"https:\/\/stcc-ev.de\/de\/wp-json\/wp\/v2\/pages\/135\/revisions"}],"predecessor-version":[{"id":773,"href":"https:\/\/stcc-ev.de\/de\/wp-json\/wp\/v2\/pages\/135\/revisions\/773"}],"wp:attachment":[{"href":"https:\/\/stcc-ev.de\/de\/wp-json\/wp\/v2\/media?parent=135"}],"curies":[{"name":"wp","href":"https:\/\/api.w.org\/{rel}","templated":true}]}}